{"id":9465,"date":"2025-01-28T10:06:38","date_gmt":"2025-01-28T10:06:38","guid":{"rendered":"https:\/\/www.trhirdavat.com\/index.php\/urun\/baytec-su-terazisi-miknatisli-turkeystar-40-cm-mk0590\/"},"modified":"2025-01-28T10:06:38","modified_gmt":"2025-01-28T10:06:38","slug":"baytec-su-terazisi-miknatisli-turkeystar-40-cm-mk0590","status":"publish","type":"product","link":"https:\/\/www.trhirdavat.com\/index.php\/urun\/baytec-su-terazisi-miknatisli-turkeystar-40-cm-mk0590\/","title":{"rendered":"BAYTEC SU TERAZ\u0130S\u0130 MIKNATISLI TURKEYSTAR 40 cm MK0590"},"content":{"rendered":"<p>BAYTEC SU TERAZ\u0130S\u0130 MIKNATISLI TURKEYSTAR 40 cm MK0590<\/p>\n","protected":false},"excerpt":{"rendered":"<p>BAYTEC SU TERAZ\u0130S\u0130 MIKNATISLI TURKEYSTAR 40 cm MK0590<\/p>\n","protected":false},"featured_media":9464,"comment_status":"open","ping_status":"closed","template":"","meta":{"_kad_post_transparent":"","_kad_post_title":"","_kad_post_layout":"","_kad_post_sidebar_id":"","_kad_post_content_style":"","_kad_post_vertical_padding":"","_kad_post_feature":"","_kad_post_feature_position":"","_kad_post_header":false,"_kad_post_footer":false,"_kad_post_classname":""},"product_brand":[1687],"product_cat":[1512],"product_tag":[],"class_list":{"0":"post-9465","1":"product","2":"type-product","3":"status-publish","4":"has-post-thumbnail","6":"product_brand-baytec","7":"product_cat-metre-ve-olcum-aletleri","9":"first","10":"instock","11":"shipping-taxable","12":"purchasable","13":"product-type-simple","14":"entry","15":"content-bg","16":"loop-entry"},"_links":{"self":[{"href":"https:\/\/www.trhirdavat.com\/index.php\/wp-json\/wp\/v2\/product\/9465","targetHints":{"allow":["GET"]}}],"collection":[{"href":"https:\/\/www.trhirdavat.com\/index.php\/wp-json\/wp\/v2\/product"}],"about":[{"href":"https:\/\/www.trhirdavat.com\/index.php\/wp-json\/wp\/v2\/types\/product"}],"replies":[{"embeddable":true,"href":"https:\/\/www.trhirdavat.com\/index.php\/wp-json\/wp\/v2\/comments?post=9465"}],"wp:featuredmedia":[{"embeddable":true,"href":"https:\/\/www.trhirdavat.com\/index.php\/wp-json\/wp\/v2\/media\/9464"}],"wp:attachment":[{"href":"https:\/\/www.trhirdavat.com\/index.php\/wp-json\/wp\/v2\/media?parent=9465"}],"wp:term":[{"taxonomy":"product_brand","embeddable":true,"href":"https:\/\/www.trhirdavat.com\/index.php\/wp-json\/wp\/v2\/product_brand?post=9465"},{"taxonomy":"product_cat","embeddable":true,"href":"https:\/\/www.trhirdavat.com\/index.php\/wp-json\/wp\/v2\/product_cat?post=9465"},{"taxonomy":"product_tag","embeddable":true,"href":"https:\/\/www.trhirdavat.com\/index.php\/wp-json\/wp\/v2\/product_tag?post=9465"}],"curies":[{"name":"wp","href":"https:\/\/api.w.org\/{rel}","templated":true}]}}