{"id":9305,"date":"2025-01-28T10:05:33","date_gmt":"2025-01-28T10:05:33","guid":{"rendered":"https:\/\/www.trhirdavat.com\/index.php\/urun\/baytas-inoks-kesici-tas-115-x-10-x-22-mm-mk0188\/"},"modified":"2025-01-28T10:05:33","modified_gmt":"2025-01-28T10:05:33","slug":"baytas-inoks-kesici-tas-115-x-10-x-22-mm-mk0188","status":"publish","type":"product","link":"https:\/\/www.trhirdavat.com\/index.php\/urun\/baytas-inoks-kesici-tas-115-x-10-x-22-mm-mk0188\/","title":{"rendered":"BAYTA\u015e \u0130NOKS KES\u0130C\u0130 TA\u015e 115 X 1,0 X 22 mm MK0188"},"content":{"rendered":"<p>BAYTA\u015e \u0130NOKS KES\u0130C\u0130 TA\u015e 115 X 1,0 X 22 mm MK0188<\/p>\n","protected":false},"excerpt":{"rendered":"<p>BAYTA\u015e \u0130NOKS KES\u0130C\u0130 TA\u015e 115 X 1,0 X 22 mm MK0188<\/p>\n","protected":false},"featured_media":9304,"comment_status":"open","ping_status":"closed","template":"","meta":{"_kad_post_transparent":"","_kad_post_title":"","_kad_post_layout":"","_kad_post_sidebar_id":"","_kad_post_content_style":"","_kad_post_vertical_padding":"","_kad_post_feature":"","_kad_post_feature_position":"","_kad_post_header":false,"_kad_post_footer":false,"_kad_post_classname":""},"product_brand":[1687],"product_cat":[1633],"product_tag":[],"class_list":{"0":"post-9305","1":"product","2":"type-product","3":"status-publish","4":"has-post-thumbnail","6":"product_brand-baytec","7":"product_cat-kesici-delici-urunler","9":"first","10":"instock","11":"shipping-taxable","12":"purchasable","13":"product-type-simple","14":"entry","15":"content-bg","16":"loop-entry"},"_links":{"self":[{"href":"https:\/\/www.trhirdavat.com\/index.php\/wp-json\/wp\/v2\/product\/9305","targetHints":{"allow":["GET"]}}],"collection":[{"href":"https:\/\/www.trhirdavat.com\/index.php\/wp-json\/wp\/v2\/product"}],"about":[{"href":"https:\/\/www.trhirdavat.com\/index.php\/wp-json\/wp\/v2\/types\/product"}],"replies":[{"embeddable":true,"href":"https:\/\/www.trhirdavat.com\/index.php\/wp-json\/wp\/v2\/comments?post=9305"}],"wp:featuredmedia":[{"embeddable":true,"href":"https:\/\/www.trhirdavat.com\/index.php\/wp-json\/wp\/v2\/media\/9304"}],"wp:attachment":[{"href":"https:\/\/www.trhirdavat.com\/index.php\/wp-json\/wp\/v2\/media?parent=9305"}],"wp:term":[{"taxonomy":"product_brand","embeddable":true,"href":"https:\/\/www.trhirdavat.com\/index.php\/wp-json\/wp\/v2\/product_brand?post=9305"},{"taxonomy":"product_cat","embeddable":true,"href":"https:\/\/www.trhirdavat.com\/index.php\/wp-json\/wp\/v2\/product_cat?post=9305"},{"taxonomy":"product_tag","embeddable":true,"href":"https:\/\/www.trhirdavat.com\/index.php\/wp-json\/wp\/v2\/product_tag?post=9305"}],"curies":[{"name":"wp","href":"https:\/\/api.w.org\/{rel}","templated":true}]}}