{"id":9022,"date":"2025-01-28T10:03:12","date_gmt":"2025-01-28T10:03:12","guid":{"rendered":"https:\/\/www.trhirdavat.com\/index.php\/urun\/baytec-sds-plus-hilti-ucu-12-x-210-mm-mu0290\/"},"modified":"2025-01-28T10:03:12","modified_gmt":"2025-01-28T10:03:12","slug":"baytec-sds-plus-hilti-ucu-12-x-210-mm-mu0290","status":"publish","type":"product","link":"https:\/\/www.trhirdavat.com\/index.php\/urun\/baytec-sds-plus-hilti-ucu-12-x-210-mm-mu0290\/","title":{"rendered":"BAYTEC SDS PLUS H\u0130LT\u0130 UCU 12 X 210 MM MU0290"},"content":{"rendered":"<p>BAYTEC SDS PLUS H\u0130LT\u0130 UCU 12 X 210 MM MU0290<\/p>\n","protected":false},"excerpt":{"rendered":"<p>BAYTEC SDS PLUS H\u0130LT\u0130 UCU 12 X 210 MM MU0290<\/p>\n","protected":false},"featured_media":9021,"comment_status":"open","ping_status":"closed","template":"","meta":{"_kad_post_transparent":"","_kad_post_title":"","_kad_post_layout":"","_kad_post_sidebar_id":"","_kad_post_content_style":"","_kad_post_vertical_padding":"","_kad_post_feature":"","_kad_post_feature_position":"","_kad_post_header":false,"_kad_post_footer":false,"_kad_post_classname":""},"product_brand":[1687],"product_cat":[1633],"product_tag":[],"class_list":{"0":"post-9022","1":"product","2":"type-product","3":"status-publish","4":"has-post-thumbnail","6":"product_brand-baytec","7":"product_cat-kesici-delici-urunler","9":"first","10":"instock","11":"shipping-taxable","12":"purchasable","13":"product-type-simple","14":"entry","15":"content-bg","16":"loop-entry"},"_links":{"self":[{"href":"https:\/\/www.trhirdavat.com\/index.php\/wp-json\/wp\/v2\/product\/9022","targetHints":{"allow":["GET"]}}],"collection":[{"href":"https:\/\/www.trhirdavat.com\/index.php\/wp-json\/wp\/v2\/product"}],"about":[{"href":"https:\/\/www.trhirdavat.com\/index.php\/wp-json\/wp\/v2\/types\/product"}],"replies":[{"embeddable":true,"href":"https:\/\/www.trhirdavat.com\/index.php\/wp-json\/wp\/v2\/comments?post=9022"}],"wp:featuredmedia":[{"embeddable":true,"href":"https:\/\/www.trhirdavat.com\/index.php\/wp-json\/wp\/v2\/media\/9021"}],"wp:attachment":[{"href":"https:\/\/www.trhirdavat.com\/index.php\/wp-json\/wp\/v2\/media?parent=9022"}],"wp:term":[{"taxonomy":"product_brand","embeddable":true,"href":"https:\/\/www.trhirdavat.com\/index.php\/wp-json\/wp\/v2\/product_brand?post=9022"},{"taxonomy":"product_cat","embeddable":true,"href":"https:\/\/www.trhirdavat.com\/index.php\/wp-json\/wp\/v2\/product_cat?post=9022"},{"taxonomy":"product_tag","embeddable":true,"href":"https:\/\/www.trhirdavat.com\/index.php\/wp-json\/wp\/v2\/product_tag?post=9022"}],"curies":[{"name":"wp","href":"https:\/\/api.w.org\/{rel}","templated":true}]}}