{"id":8966,"date":"2025-01-28T10:02:55","date_gmt":"2025-01-28T10:02:55","guid":{"rendered":"https:\/\/www.trhirdavat.com\/index.php\/urun\/bay-el-kaucuk-eldiven-uzun-puturlu-el450\/"},"modified":"2025-01-28T10:02:55","modified_gmt":"2025-01-28T10:02:55","slug":"bay-el-kaucuk-eldiven-uzun-puturlu-el450","status":"publish","type":"product","link":"https:\/\/www.trhirdavat.com\/index.php\/urun\/bay-el-kaucuk-eldiven-uzun-puturlu-el450\/","title":{"rendered":"BAY-EL KAU\u00c7UK ELD\u0130VEN UZUN P\u00dcT\u00dcRL\u00dc EL450"},"content":{"rendered":"<p>BAY-EL KAU\u00c7UK ELD\u0130VEN UZUN P\u00dcT\u00dcRL\u00dc EL450<\/p>\n","protected":false},"excerpt":{"rendered":"<p>BAY-EL KAU\u00c7UK ELD\u0130VEN UZUN P\u00dcT\u00dcRL\u00dc EL450<\/p>\n","protected":false},"featured_media":8965,"comment_status":"open","ping_status":"closed","template":"","meta":{"_kad_post_transparent":"","_kad_post_title":"","_kad_post_layout":"","_kad_post_sidebar_id":"","_kad_post_content_style":"","_kad_post_vertical_padding":"","_kad_post_feature":"","_kad_post_feature_position":"","_kad_post_header":false,"_kad_post_footer":false,"_kad_post_classname":""},"product_brand":[1687],"product_cat":[1482],"product_tag":[],"class_list":{"0":"post-8966","1":"product","2":"type-product","3":"status-publish","4":"has-post-thumbnail","6":"product_brand-baytec","7":"product_cat-is-guvenligi-malzemeleri","9":"first","10":"instock","11":"shipping-taxable","12":"purchasable","13":"product-type-simple","14":"entry","15":"content-bg","16":"loop-entry"},"_links":{"self":[{"href":"https:\/\/www.trhirdavat.com\/index.php\/wp-json\/wp\/v2\/product\/8966","targetHints":{"allow":["GET"]}}],"collection":[{"href":"https:\/\/www.trhirdavat.com\/index.php\/wp-json\/wp\/v2\/product"}],"about":[{"href":"https:\/\/www.trhirdavat.com\/index.php\/wp-json\/wp\/v2\/types\/product"}],"replies":[{"embeddable":true,"href":"https:\/\/www.trhirdavat.com\/index.php\/wp-json\/wp\/v2\/comments?post=8966"}],"wp:featuredmedia":[{"embeddable":true,"href":"https:\/\/www.trhirdavat.com\/index.php\/wp-json\/wp\/v2\/media\/8965"}],"wp:attachment":[{"href":"https:\/\/www.trhirdavat.com\/index.php\/wp-json\/wp\/v2\/media?parent=8966"}],"wp:term":[{"taxonomy":"product_brand","embeddable":true,"href":"https:\/\/www.trhirdavat.com\/index.php\/wp-json\/wp\/v2\/product_brand?post=8966"},{"taxonomy":"product_cat","embeddable":true,"href":"https:\/\/www.trhirdavat.com\/index.php\/wp-json\/wp\/v2\/product_cat?post=8966"},{"taxonomy":"product_tag","embeddable":true,"href":"https:\/\/www.trhirdavat.com\/index.php\/wp-json\/wp\/v2\/product_tag?post=8966"}],"curies":[{"name":"wp","href":"https:\/\/api.w.org\/{rel}","templated":true}]}}