{"id":8293,"date":"2025-01-28T09:42:58","date_gmt":"2025-01-28T09:42:58","guid":{"rendered":"https:\/\/www.trhirdavat.com\/index.php\/urun\/cift-tarafli-kopuk-bant-36-x-2-mt\/"},"modified":"2025-01-28T09:42:58","modified_gmt":"2025-01-28T09:42:58","slug":"cift-tarafli-kopuk-bant-36-x-2-mt","status":"publish","type":"product","link":"https:\/\/www.trhirdavat.com\/index.php\/urun\/cift-tarafli-kopuk-bant-36-x-2-mt\/","title":{"rendered":"\u00c7\u0130FT TARAFLI K\u00d6P\u00dcK BANT 36 X 2 MT"},"content":{"rendered":"<p>\u00c7\u0130FT TARAFLI K\u00d6P\u00dcK BANT 36 X 2 MT<\/p>\n","protected":false},"excerpt":{"rendered":"<p>\u00c7\u0130FT TARAFLI K\u00d6P\u00dcK BANT 36 X 2 MT<\/p>\n","protected":false},"featured_media":8292,"comment_status":"open","ping_status":"closed","template":"","meta":{"_kad_post_transparent":"","_kad_post_title":"","_kad_post_layout":"","_kad_post_sidebar_id":"","_kad_post_content_style":"","_kad_post_vertical_padding":"","_kad_post_feature":"","_kad_post_feature_position":"","_kad_post_header":false,"_kad_post_footer":false,"_kad_post_classname":""},"product_brand":[1673],"product_cat":[1672],"product_tag":[],"class_list":{"0":"post-8293","1":"product","2":"type-product","3":"status-publish","4":"has-post-thumbnail","6":"product_brand-bantlar","7":"product_cat-bant-cesitleri-ve-ambalaj-urunleri","9":"first","10":"instock","11":"shipping-taxable","12":"purchasable","13":"product-type-simple","14":"entry","15":"content-bg","16":"loop-entry"},"_links":{"self":[{"href":"https:\/\/www.trhirdavat.com\/index.php\/wp-json\/wp\/v2\/product\/8293","targetHints":{"allow":["GET"]}}],"collection":[{"href":"https:\/\/www.trhirdavat.com\/index.php\/wp-json\/wp\/v2\/product"}],"about":[{"href":"https:\/\/www.trhirdavat.com\/index.php\/wp-json\/wp\/v2\/types\/product"}],"replies":[{"embeddable":true,"href":"https:\/\/www.trhirdavat.com\/index.php\/wp-json\/wp\/v2\/comments?post=8293"}],"wp:featuredmedia":[{"embeddable":true,"href":"https:\/\/www.trhirdavat.com\/index.php\/wp-json\/wp\/v2\/media\/8292"}],"wp:attachment":[{"href":"https:\/\/www.trhirdavat.com\/index.php\/wp-json\/wp\/v2\/media?parent=8293"}],"wp:term":[{"taxonomy":"product_brand","embeddable":true,"href":"https:\/\/www.trhirdavat.com\/index.php\/wp-json\/wp\/v2\/product_brand?post=8293"},{"taxonomy":"product_cat","embeddable":true,"href":"https:\/\/www.trhirdavat.com\/index.php\/wp-json\/wp\/v2\/product_cat?post=8293"},{"taxonomy":"product_tag","embeddable":true,"href":"https:\/\/www.trhirdavat.com\/index.php\/wp-json\/wp\/v2\/product_tag?post=8293"}],"curies":[{"name":"wp","href":"https:\/\/api.w.org\/{rel}","templated":true}]}}