{"id":6918,"date":"2025-01-28T09:30:55","date_gmt":"2025-01-28T09:30:55","guid":{"rendered":"https:\/\/www.trhirdavat.com\/index.php\/urun\/beybi-kn1-nitril-eldiven-sari-beyaz-no9\/"},"modified":"2025-01-28T09:30:55","modified_gmt":"2025-01-28T09:30:55","slug":"beybi-kn1-nitril-eldiven-sari-beyaz-no9","status":"publish","type":"product","link":"https:\/\/www.trhirdavat.com\/index.php\/urun\/beybi-kn1-nitril-eldiven-sari-beyaz-no9\/","title":{"rendered":"BEYB\u0130 KN1 N\u0130TR\u0130L ELD\u0130VEN SARI BEYAZ NO:9"},"content":{"rendered":"<p>BEYB\u0130 KN1 N\u0130TR\u0130L ELD\u0130VEN SARI BEYAZ NO:9<\/p>\n","protected":false},"excerpt":{"rendered":"<p>BEYB\u0130 KN1 N\u0130TR\u0130L ELD\u0130VEN SARI BEYAZ NO:9<\/p>\n","protected":false},"featured_media":6917,"comment_status":"open","ping_status":"closed","template":"","meta":{"_kad_post_transparent":"","_kad_post_title":"","_kad_post_layout":"","_kad_post_sidebar_id":"","_kad_post_content_style":"","_kad_post_vertical_padding":"","_kad_post_feature":"","_kad_post_feature_position":"","_kad_post_header":false,"_kad_post_footer":false,"_kad_post_classname":""},"product_brand":[1646],"product_cat":[1482],"product_tag":[],"class_list":{"0":"post-6918","1":"product","2":"type-product","3":"status-publish","4":"has-post-thumbnail","6":"product_brand-beybi","7":"product_cat-is-guvenligi-malzemeleri","9":"first","10":"instock","11":"shipping-taxable","12":"purchasable","13":"product-type-simple","14":"entry","15":"content-bg","16":"loop-entry"},"_links":{"self":[{"href":"https:\/\/www.trhirdavat.com\/index.php\/wp-json\/wp\/v2\/product\/6918","targetHints":{"allow":["GET"]}}],"collection":[{"href":"https:\/\/www.trhirdavat.com\/index.php\/wp-json\/wp\/v2\/product"}],"about":[{"href":"https:\/\/www.trhirdavat.com\/index.php\/wp-json\/wp\/v2\/types\/product"}],"replies":[{"embeddable":true,"href":"https:\/\/www.trhirdavat.com\/index.php\/wp-json\/wp\/v2\/comments?post=6918"}],"wp:featuredmedia":[{"embeddable":true,"href":"https:\/\/www.trhirdavat.com\/index.php\/wp-json\/wp\/v2\/media\/6917"}],"wp:attachment":[{"href":"https:\/\/www.trhirdavat.com\/index.php\/wp-json\/wp\/v2\/media?parent=6918"}],"wp:term":[{"taxonomy":"product_brand","embeddable":true,"href":"https:\/\/www.trhirdavat.com\/index.php\/wp-json\/wp\/v2\/product_brand?post=6918"},{"taxonomy":"product_cat","embeddable":true,"href":"https:\/\/www.trhirdavat.com\/index.php\/wp-json\/wp\/v2\/product_cat?post=6918"},{"taxonomy":"product_tag","embeddable":true,"href":"https:\/\/www.trhirdavat.com\/index.php\/wp-json\/wp\/v2\/product_tag?post=6918"}],"curies":[{"name":"wp","href":"https:\/\/api.w.org\/{rel}","templated":true}]}}