{"id":5406,"date":"2025-01-28T09:23:28","date_gmt":"2025-01-28T09:23:28","guid":{"rendered":"https:\/\/www.trhirdavat.com\/index.php\/urun\/edoni-tek-tornavida-5x150-duz\/"},"modified":"2025-01-28T09:23:28","modified_gmt":"2025-01-28T09:23:28","slug":"edoni-tek-tornavida-5x150-duz","status":"publish","type":"product","link":"https:\/\/www.trhirdavat.com\/index.php\/urun\/edoni-tek-tornavida-5x150-duz\/","title":{"rendered":"EDON\u0130 TEK TORNAV\u0130DA 5X150 D\u00dcZ"},"content":{"rendered":"<p>EDON\u0130 TEK TORNAV\u0130DA 5X150 D\u00dcZ<\/p>\n","protected":false},"excerpt":{"rendered":"<p>EDON\u0130 TEK TORNAV\u0130DA 5X150 D\u00dcZ<\/p>\n","protected":false},"featured_media":5405,"comment_status":"open","ping_status":"closed","template":"","meta":{"_kad_post_transparent":"","_kad_post_title":"","_kad_post_layout":"","_kad_post_sidebar_id":"","_kad_post_content_style":"","_kad_post_vertical_padding":"","_kad_post_feature":"","_kad_post_feature_position":"","_kad_post_header":false,"_kad_post_footer":false,"_kad_post_classname":""},"product_brand":[1636],"product_cat":[1476],"product_tag":[],"class_list":{"0":"post-5406","1":"product","2":"type-product","3":"status-publish","4":"has-post-thumbnail","6":"product_brand-eltos","7":"product_cat-tornavidalar-ve-bits-uclar","9":"first","10":"instock","11":"shipping-taxable","12":"purchasable","13":"product-type-simple","14":"entry","15":"content-bg","16":"loop-entry"},"_links":{"self":[{"href":"https:\/\/www.trhirdavat.com\/index.php\/wp-json\/wp\/v2\/product\/5406","targetHints":{"allow":["GET"]}}],"collection":[{"href":"https:\/\/www.trhirdavat.com\/index.php\/wp-json\/wp\/v2\/product"}],"about":[{"href":"https:\/\/www.trhirdavat.com\/index.php\/wp-json\/wp\/v2\/types\/product"}],"replies":[{"embeddable":true,"href":"https:\/\/www.trhirdavat.com\/index.php\/wp-json\/wp\/v2\/comments?post=5406"}],"wp:featuredmedia":[{"embeddable":true,"href":"https:\/\/www.trhirdavat.com\/index.php\/wp-json\/wp\/v2\/media\/5405"}],"wp:attachment":[{"href":"https:\/\/www.trhirdavat.com\/index.php\/wp-json\/wp\/v2\/media?parent=5406"}],"wp:term":[{"taxonomy":"product_brand","embeddable":true,"href":"https:\/\/www.trhirdavat.com\/index.php\/wp-json\/wp\/v2\/product_brand?post=5406"},{"taxonomy":"product_cat","embeddable":true,"href":"https:\/\/www.trhirdavat.com\/index.php\/wp-json\/wp\/v2\/product_cat?post=5406"},{"taxonomy":"product_tag","embeddable":true,"href":"https:\/\/www.trhirdavat.com\/index.php\/wp-json\/wp\/v2\/product_tag?post=5406"}],"curies":[{"name":"wp","href":"https:\/\/api.w.org\/{rel}","templated":true}]}}