{"id":4676,"date":"2025-01-28T09:12:50","date_gmt":"2025-01-28T09:12:50","guid":{"rendered":"https:\/\/www.trhirdavat.com\/index.php\/urun\/gfb-sds-genis-keski-14-x-40-x-250\/"},"modified":"2025-01-28T09:12:50","modified_gmt":"2025-01-28T09:12:50","slug":"gfb-sds-genis-keski-14-x-40-x-250","status":"publish","type":"product","link":"https:\/\/www.trhirdavat.com\/index.php\/urun\/gfb-sds-genis-keski-14-x-40-x-250\/","title":{"rendered":"GFB SDS GEN\u0130\u015e KESK\u0130 14 X 40 X 250"},"content":{"rendered":"<p>GFB SDS GEN\u0130\u015e KESK\u0130 14 X 40 X 250<\/p>\n","protected":false},"excerpt":{"rendered":"<p>GFB SDS GEN\u0130\u015e KESK\u0130 14 X 40 X 250<\/p>\n","protected":false},"featured_media":4675,"comment_status":"open","ping_status":"closed","template":"","meta":{"_kad_post_transparent":"","_kad_post_title":"","_kad_post_layout":"","_kad_post_sidebar_id":"","_kad_post_content_style":"","_kad_post_vertical_padding":"","_kad_post_feature":"","_kad_post_feature_position":"","_kad_post_header":false,"_kad_post_footer":false,"_kad_post_classname":""},"product_brand":[1635],"product_cat":[1633],"product_tag":[],"class_list":{"0":"post-4676","1":"product","2":"type-product","3":"status-publish","4":"has-post-thumbnail","6":"product_brand-gfb","7":"product_cat-kesici-delici-urunler","9":"first","10":"instock","11":"shipping-taxable","12":"purchasable","13":"product-type-simple","14":"entry","15":"content-bg","16":"loop-entry"},"_links":{"self":[{"href":"https:\/\/www.trhirdavat.com\/index.php\/wp-json\/wp\/v2\/product\/4676","targetHints":{"allow":["GET"]}}],"collection":[{"href":"https:\/\/www.trhirdavat.com\/index.php\/wp-json\/wp\/v2\/product"}],"about":[{"href":"https:\/\/www.trhirdavat.com\/index.php\/wp-json\/wp\/v2\/types\/product"}],"replies":[{"embeddable":true,"href":"https:\/\/www.trhirdavat.com\/index.php\/wp-json\/wp\/v2\/comments?post=4676"}],"wp:featuredmedia":[{"embeddable":true,"href":"https:\/\/www.trhirdavat.com\/index.php\/wp-json\/wp\/v2\/media\/4675"}],"wp:attachment":[{"href":"https:\/\/www.trhirdavat.com\/index.php\/wp-json\/wp\/v2\/media?parent=4676"}],"wp:term":[{"taxonomy":"product_brand","embeddable":true,"href":"https:\/\/www.trhirdavat.com\/index.php\/wp-json\/wp\/v2\/product_brand?post=4676"},{"taxonomy":"product_cat","embeddable":true,"href":"https:\/\/www.trhirdavat.com\/index.php\/wp-json\/wp\/v2\/product_cat?post=4676"},{"taxonomy":"product_tag","embeddable":true,"href":"https:\/\/www.trhirdavat.com\/index.php\/wp-json\/wp\/v2\/product_tag?post=4676"}],"curies":[{"name":"wp","href":"https:\/\/api.w.org\/{rel}","templated":true}]}}